{"id":185,"date":"2018-01-31T14:44:34","date_gmt":"2018-01-31T07:44:34","guid":{"rendered":"http:\/\/bachduongschool.edu.vn\/?page_id=185"},"modified":"2018-01-31T14:47:46","modified_gmt":"2018-01-31T07:47:46","slug":"dich-vu","status":"publish","type":"page","link":"https:\/\/c297-bachduong.com-vn.net\/?page_id=185","title":{"rendered":"D\u1ecbch v\u1ee5"},"content":{"rendered":"<p style=\"text-align: center;\"><strong>D\u1ecaCH V\u1ee4 M\u1ea6M NON<\/strong><\/p>\n<p style=\"text-align: left;\"><strong>\u00a0 \u00a0 I<\/strong><strong>. XE \u0110\u01afA \u0110\u00d3N<\/strong><\/p>\n<p>Nh\u00e0 tr\u01b0\u1eddng cung c\u1ea5p d\u1ecbch v\u1ee5 xe \u0111\u01b0a \u0111\u00f3n c\u00e1c em h\u1ecdc sinh t\u1ea1i m\u1ed9t s\u1ed1 qu\u1eadn trong th\u00e0nh ph\u1ed1. Xe ch\u1ec9 di chuy\u1ec3n khi t\u1ea5t c\u1ea3 h\u1ecdc sinh \u0111\u00e3 \u1ed5n \u0111\u1ecbnh ch\u1ed7 ng\u1ed3i. Nh\u00e2n vi\u00ean tr\u00ean m\u1ed7i xe \u0111\u1ec1u mang \u0111i\u1ec7n tho\u1ea1i di \u0111\u1ed9ng \u0111\u1ec3 ti\u1ec7n li\u00ean l\u1ea1c trong tr\u01b0\u1eddng h\u1ee3p kh\u1ea9n c\u1ea5p.<\/p>\n<p>\u0110\u1ec3 bi\u1ebft th\u00f4ng tin chi ti\u1ebft c\u00e1c tuy\u1ebfn \u0111\u01b0\u1eddng v\u00e0 \u0111\u1ecba \u0111i\u1ec3m \u0111\u01b0a \u0111\u00f3n h\u1ecdc sinh, ph\u1ee5 huynh vui l\u00f2ng li\u00ean h\u1ec7 v\u1edbi V\u0103n ph\u00f2ng nh\u00e0 tr\u01b0\u1eddng \u0111\u1ec3 \u0111\u01b0\u1ee3c h\u1ed7 tr\u1ee3.<\/p>\n<p><strong>\u00a0\u00a0\u00a0 II.TR\u00d4NG TR\u1eba NGO\u00c0I GI\u1edc <\/strong><\/p>\n<p><strong>1.\u00a0<\/strong><strong>Tr\u00f4ng mu\u1ed9n:<\/strong><\/p>\n<p>Gi\u1edd tr\u1ea3 tr\u1ebb cu\u1ed1i ng\u00e0y s\u1ebd k\u1ebft th\u00fac v\u00e0o 17h30. Sau gi\u1edd n\u00e0y, c\u00e1c c\u00f4 gi\u00e1o s\u1ebd \u0111\u01b0a h\u1ecdc sinh xu\u1ed1ng g\u1eedi t\u1ea1i l\u1edbp tr\u00f4ng mu\u1ed9n c\u1ee7a tr\u01b0\u1eddng. B\u1ed1 m\u1eb9 tham kh\u1ea3o m\u1ee9c ph\u00ed d\u00e0nh cho l\u1edbp tr\u00f4ng mu\u1ed9n d\u01b0\u1edbi \u0111\u00e2y<\/p>\n<table border=\"1\">\n<tbody>\n<tr>\n<td style=\"text-align: center;\" width=\"180\">TH\u1edcI GIAN<\/td>\n<td style=\"text-align: center;\" width=\"274\">M\u1ee8C PH\u00cd<\/td>\n<\/tr>\n<tr>\n<td style=\"text-align: center;\" width=\"180\">T\u1eeb 17h40- 18h00<\/td>\n<td style=\"text-align: center;\" width=\"274\">10.000 VND<\/td>\n<\/tr>\n<tr>\n<td style=\"text-align: center;\" width=\"180\">T\u1eeb 18h00 &#8211; 18h30<\/td>\n<td style=\"text-align: center;\" width=\"274\">20.000 VND<\/td>\n<\/tr>\n<tr>\n<td style=\"text-align: center;\" width=\"180\">T\u1eeb 18h30- 19h00<\/td>\n<td style=\"text-align: center;\" width=\"274\">40.000 VND<\/td>\n<\/tr>\n<\/tbody>\n<\/table>\n<p>&nbsp;<\/p>\n<p><strong>2. H\u1ecdc th\u1ee9 b\u1ea3y<\/strong><\/p>\n<p>Ch\u01b0\u01a1ng tr\u00ecnh h\u1ecdc c\u1ee7a nh\u00e0 tr\u01b0\u1eddng s\u1ebd\u00a0 \u00e1p d\u1ee5ng t\u1eeb th\u1ee9 2 \u0111\u1ebfn th\u1ee9 6 h\u00e0ng tu\u1ea7n. Ri\u00eang ng\u00e0y th\u1ee9 7, nh\u1eefng ph\u1ee5 huynh c\u00f3 nhu c\u1ea7u g\u1eedi con t\u1ea1i tr\u01b0\u1eddng s\u1ebd \u0111\u0103ng k\u00fd v\u1edbi v\u0103n ph\u00f2ng nh\u00e0 tr\u01b0\u1eddng. Trong ng\u00e0y th\u1ee9 b\u1ea3y, c\u00e1c c\u00f4 gi\u00e1o v\u1eabn s\u1ebd t\u1ed5 ch\u1ee9c nh\u1eefng ho\u1ea1t \u0111\u1ed9ng h\u1ecdc ph\u00f9 h\u1ee3p v\u1edbi tr\u1ebb.<\/p>\n<p>Ph\u00ed\u00a0 tr\u00f4ng th\u1ee9 b\u1ea3y: 200.000\u0111\u1ed3ng \/ bu\u1ed5i ( \u0111\u00e3 bao g\u1ed3m ti\u1ec1n \u0103n)<\/p>\n<p><strong>III.C\u00c2U L\u1ea0C B\u1ed8<\/strong><strong>\u00a0<\/strong><\/p>\n<ol>\n<li><strong>C\u00e2u l\u1ea1c b\u1ed9 ti\u1ebfng Anh Grapeseed<\/strong><\/li>\n<\/ol>\n<p><strong>C\u00e2u chuy\u1ec7n ti\u1ebfng Anh tr\u1ebb em GrapeSEED<\/strong><\/p>\n<p>D\u1ef1a tr\u00ean h\u01a1n 40 n\u0103m kinh nghi\u1ec7m gi\u1ea3ng d\u1ea1y v\u00e0 nghi\u00ean c\u1ee9u gi\u00e1o d\u1ee5c<br \/>\nGrapeSEED \u0111\u01b0\u1ee3c ph\u00e1t tri\u1ec3n t\u1eeb tr\u01b0\u1eddng MeySen \u2013 Sendai, Nh\u1eadt B\u1ea3n \u2013 m\u1ed9t t\u1ed5 ch\u1ee9c gi\u00e1o d\u1ee5c c\u00f3 th\u1ebf m\u1ea1nh v\u1ec1 d\u1ea1y ng\u00f4n ng\u1eef \u1edf Nh\u1eadt B\u1ea3n. Ban l\u00e3nh \u0111\u1ea1o l\u00e0 nh\u1eefng nh\u00e0 gi\u00e1o d\u1ee5c ng\u01b0\u1eddi M\u1ef9 t\u1ea1i tr\u01b0\u1eddng \u0111\u00e3 kh\u00f4ng h\u00e0i l\u00f2ng v\u1ec1 k\u1ebft qu\u1ea3 h\u1ecdc ti\u1ebfng Anh c\u1ee7a h\u1ecdc sinh sau m\u1ed9t th\u1eddi gian d\u00e0i gi\u1ea3ng d\u1ea1y. H\u1ecd \u0111\u00e3 ti\u1ebfn h\u00e0nh ph\u00e2n t\u00edch nguy\u00ean nh\u00e2n v\u00e0 t\u00ecm ki\u1ebfm m\u1ed9t gi\u1ea3i ph\u00e1p d\u1ea1y ti\u1ebfng Anh hi\u1ec7u qu\u1ea3 cho tr\u1ebb nh\u1ecf. D\u1ef1a tr\u00ean s\u1ef1 k\u1ebft h\u1ee3p kinh nghi\u1ec7m h\u01a1n b\u1ed1n m\u01b0\u01a1i n\u0103m gi\u1ea3ng d\u1ea1y th\u1ef1c t\u1ebf v\u1edbi nh\u1eefng nghi\u00ean c\u1ee9u v\u1ec1 gi\u00e1o d\u1ee5c ng\u00f4n ng\u1eef s\u1edbm, nh\u00e0 tr\u01b0\u1eddng \u0111\u00e3 x\u00e1c \u0111\u1ecbnh \u0111\u01b0\u1ee3c tri\u1ebft l\u00fd, h\u01b0\u1edbng ti\u1ebfp c\u1eadn v\u00e0 n\u1ed9i dung c\u1ee7a m\u1ed9t ch\u01b0\u01a1ng tr\u00ecnh ti\u1ebfng Anh m\u1edbi. C\u00f9ng v\u1edbi s\u1ef1 \u0111\u1ea7u t\u01b0 c\u00f4ng phu v\u1ec1 m\u1eb7t thi\u1ebft k\u1ebf h\u00ecnh \u1ea3nh v\u00e0 c\u00f4ng ngh\u1ec7 hi\u1ec7n \u0111\u1ea1i, nh\u00e0 tr\u01b0\u1eddng \u0111\u00e3 ph\u00e1t tri\u1ec3n n\u00ean ch\u01b0\u01a1ng tr\u00ecnh ti\u1ebfng Anh GrapeSEED.<\/p>\n<p>\u0110\u01b0\u1ee3c ch\u1ee9ng minh b\u1eb1ng nh\u1eefng nghi\u00ean c\u1ee9u th\u1ef1c t\u1ebf<br \/>\nB\u00ean c\u1ea1nh nh\u1eefng kinh nghi\u1ec7m l\u1edbp h\u1ecdc c\u0169ng nh\u01b0 nh\u1eefng nghi\u00ean c\u1ee9u khoa h\u1ecdc, ch\u01b0\u01a1ng tr\u00ecnh c\u0169ng \u0111\u00e3 \u0111\u01b0\u1ee3c ki\u1ec3m nghi\u1ec7m trong th\u1ef1c t\u1ebf.<\/p>\n<p>\u201c\u0110\u00e2y kh\u00f4ng ph\u1ea3i l\u00e0 m\u1ed9t l\u1edbp h\u1ecdc \u0111i\u1ec3n h\u00ecnh m\u00e0 b\u1ea1n th\u01b0\u1eddng th\u1ea5y \u1edf c\u00e1c l\u1edbp h\u1ecdc ti\u1ebfng Anh nh\u01b0 m\u1ed9t ng\u00f4n ng\u1eef th\u1ee9 hai. Th\u1ef1c t\u1ebf, c\u00e1c h\u1ecdc sinh n\u00e0y kh\u00e1 \u0111\u1eb7c bi\u1ec7t. Ch\u00fang l\u00e0 nh\u1eefng h\u1ecdc sinh \u0111\u1ea7u ti\u00ean trong c\u1ea3 n\u01b0\u1edbc tham gia m\u1ed9t ch\u01b0\u01a1ng tr\u00ecnh ti\u1ebfng Anh m\u1edbi d\u00e0nh cho h\u1ecdc sinh n\u01b0\u1edbc ngo\u00e0i, v\u00e0 n\u00f3 th\u1ef1c s\u1ef1 c\u00f3 t\u00e1c d\u1ee5ng.\u201d\u200b \u2013 hi\u1ec7u tr\u01b0\u1edfng tr\u01b0\u1eddng ti\u1ec3u h\u1ecdc Mars \u1edf Berrien Springs<\/p>\n<p>Gi\u00fap h\u00e0ng ng\u00e0n h\u1ecdc sinh tr\u00ean th\u1ebf gi\u1edbi<br \/>\nGrapeSEED \u0111\u00e3 ph\u00e1t tri\u1ec3n ra kh\u1eafp th\u1ebf gi\u1edbi v\u00e0 hi\u1ec7n \u0111ang \u0111\u01b0\u1ee3c gi\u1ea3ng d\u1ea1y r\u1ea5t th\u00e0nh c\u00f4ng \u1edf 17 qu\u1ed1c gia nh\u01b0 H\u00e0n Qu\u1ed1c, Nh\u1eadt B\u1ea3n, M\u1ef9, Trung Qu\u1ed1c, Malaysia,\u2026. \u0110\u1eb7c bi\u1ec7t GrapeSEED \u0111ang \u0111\u01b0\u1ee3c s\u1eed d\u1ee5ng r\u1ed9ng r\u00e3i \u1edf m\u1ed9t s\u1ed1 tr\u01b0\u1eddng c\u00f4ng l\u1eadp thu\u1ed9c m\u1ed9t s\u1ed1 bang \u1edf M\u1ef9. Ch\u01b0\u01a1ng tr\u00ecnh \u0111\u00e3 v\u00e0 \u0111ang gi\u00fap nh\u1eefng h\u1ecdc sinh n\u00e0y ph\u00e1t tri\u1ec3n Anh ng\u1eef theo ti\u00eau chu\u1ea9n c\u1ee7a ch\u00ednh ph\u1ee7 \u0111\u1ec3 c\u00f3 th\u1ec3 b\u1eaft k\u1ecbp v\u1edbi ch\u01b0\u01a1ng tr\u00ecnh h\u1ecdc trong n\u01b0\u1edbc.<\/p>\n<p>GrapeSEED bao g\u1ed3m 40 Units v\u1edbi 2 lo\u1ea1i t\u00e0i li\u1ec7u:<\/p>\n<p>T\u00e0i li\u1ec7u d\u1ea1y giao ti\u1ebfp<br \/>\nT\u00e0i li\u1ec7u d\u1ea1y ph\u1ea7n phonic, \u0111\u1ecdc v\u00e0 vi\u1ebft.<\/p>\n<p>Tr\u1ebb s\u1ebd \u0111\u01b0\u1ee3c h\u1ecdc nghe v\u00e0 giao ti\u1ebfp tr\u01b0\u1edbc khi h\u1ecdc \u0111\u1ecdc v\u00e0 vi\u1ebft. H\u1ec7 th\u1ed1ng phonics c\u1ee7a GrapeSEED \u0111\u01b0\u1ee3c \u0111\u01b0a v\u00e0o m\u1ed9t c\u00e1ch khoa h\u1ecdc gi\u00fap n\u00e2ng cao k\u1ef9 n\u0103ng ph\u00e1t \u00e2m v\u00e0 h\u1ecdc \u0111\u00e1nh v\u1ea7n \u0111\u1ec3 x\u00e2y d\u1ef1ng n\u1ec1n t\u1ea3ng cho qu\u00e1 tr\u00ecnh h\u1ecdc \u0111\u1ecdc v\u00e0 vi\u1ebft<\/p>\n<p>40 Unit c\u1ee7a GrapeSEED \u0111\u01b0\u1ee3c chia ra th\u00e0nh c\u00e1c giai \u0111o\u1ea1n nh\u01b0 sau:<\/p>\n<p><img loading=\"lazy\" class=\"aligncenter size-full wp-image-186\" src=\"http:\/\/bachduongschool.edu.vn\/wp-content\/uploads\/2018\/01\/1-1.jpg\" alt=\"\" width=\"416\" height=\"281\" srcset=\"https:\/\/c297-bachduong.com-vn.net\/wp-content\/uploads\/2018\/01\/1-1.jpg 416w, https:\/\/c297-bachduong.com-vn.net\/wp-content\/uploads\/2018\/01\/1-1-300x203.jpg 300w\" sizes=\"(max-width: 416px) 100vw, 416px\" \/><\/p>\n<p>\u0110\u1ed1i t\u01b0\u1ee3ng : cho tr\u1ebb t\u1eeb 4 tu\u1ed5i \u0111\u1ebfn 12 tu\u1ed5i.<br \/>\n\u27a1\u00a0GrapeSEED gi\u00fap tr\u1ebb th\u00e0nh th\u1ea1o ti\u1ebfng Anh<br \/>\n\u27a1\u00a0GrapeSEED d\u1ea1y tr\u1ebb giao ti\u1ebfp s\u1eed d\u1ee5ng ti\u1ebfng Anh M\u1ef9 chu\u1ea9n. Ch\u01b0\u01a1ng tr\u00ecnh b\u1eaft \u0111\u1ea7u v\u1edbi nh\u1eefng t\u00ednh n\u0103ng ng\u00f4n ng\u1eef ch\u00ednh v\u00e0 t\u1eadp trung nhi\u1ec1u v\u00e0o vi\u1ec7c d\u1ea1y tr\u1ebb giao ti\u1ebfp.<br \/>\n\u27a1C\u00e1ch ti\u1ebfp c\u1eadn c\u1ee7a GrapeSEED t\u01b0\u01a1ng t\u1ef1 nh\u01b0 vi\u1ec7c h\u1ecdc ti\u1ebfng Vi\u1ec7t. Tr\u1ebb c\u00f3 th\u1ec3 ngh\u0129 b\u1eb1ng ti\u1ebfng anh r\u1ed3i t\u1eeb \u0111\u00f3 s\u1ebd n\u00f3i b\u1eb1ng ti\u1ebfng anh. Ph\u01b0\u01a1ng ph\u00e1p n\u00e0y gi\u00fap tr\u1ebb ti\u1ebfp thu m\u1ed9t c\u00e1ch t\u1ef1 nhi\u00ean, kh\u00f4ng \u00e1p l\u1ef1c v\u00e0 r\u1ea5t t\u1ef1 tin khi n\u00f3i.<br \/>\n\u27a1\u00a0M\u00f4i tr\u01b0\u1eddng h\u1ecdc 100% ti\u1ebfng Anh, kh\u00f4ng th\u1ef1c hi\u1ec7n d\u1ecbch. Tr\u1ebb\u0111\u01b0\u1ee3c h\u1ecdc v\u1edbi nh\u1eefng h\u00ecnh \u1ea3nh b\u1eaft m\u1eaft, n\u1ed9i dung g\u1ea7n g\u0169i, quen thu\u1ed9c g\u00e2y s\u1ef1 thu h\u00fat cho tr\u1ebb. \u0110i\u1ec1u \u0111\u00f3 l\u00e0 ch\u00eca kh\u00f3a \u0111\u1ec3 tr\u1ebb ti\u1ebfp thu m\u1ed9t c\u00e1ch hi\u1ec7u qu\u1ea3 t\u1ed1i \u0111a.<br \/>\n\u27a1\u00a0Ch\u01b0\u01a1ng tr\u00ecnh \u0111\u01b0\u1ee3c ch\u1ee7\u0111\u1ed9ng thi\u1ebft k\u1ebf v\u1edbi n\u1ed9i dung ti\u1ebfng Anh t\u1eadp trung v\u00e0o c\u00e1c di\u1ec5n \u0111\u1ea1t ng\u00f4n ng\u1eef th\u01b0\u1eddng xuy\u00ean \u0111\u01b0\u1ee3c s\u1eed d\u1ee5ng nh\u1ea5t v\u00e0 c\u00f3 s\u1ef1 k\u1ebft n\u1ed1i ch\u1eb7t ch\u1ebd gi\u1eefa c\u00e1c Unit v\u1edbi nhau.<br \/>\n\u27a1\u00a0Ph\u01b0\u01a1ng ph\u00e1p d\u1ea1y \u0111\u01b0\u1ee3c nghi\u00ean c\u1ee9u v\u00e0 th\u1ef1c hi\u1ec7n \u0111i k\u00e8m v\u1edbi ch\u01b0\u01a1ng tr\u00ecnh. Gi\u00e1o vi\u00ean \u0111\u1ee9ng l\u1edbp s\u1ebd\u0111\u01b0\u1ee3c \u0111\u00e0o t\u1ea1o v\u1ec1 ph\u01b0\u01a1ng ph\u00e1p d\u1ea1y t\u1eeb c\u00e1c chuy\u00ean gia GrapeSEED.<br \/>\n\u27a1\u00a0N\u1ed9i dung t\u1eebng Unit \u0111\u01b0\u1ee3c xem x\u00e9t c\u1ea9n th\u1eadn v\u00e0 x\u00e2y d\u1ef1ng khoa h\u1ecdc khi\u1ebfn cho vi\u1ec7c h\u1ecdc ti\u1ebfng Anh tr\u1edf n\u00ean nh\u1eb9 nh\u00e0ng h\u01a1n, giao ti\u1ebfp ti\u1ebfng Anh tr\u1edf n\u00ean d\u1ec5 d\u00e0ng h\u01a1n. Trong m\u1ed7i Unit, h\u1ecdc sinh s\u1ebd l\u0129nh h\u1ed9i th\u00eam \u0111\u01b0\u1ee3c c\u00e1c t\u1eeb v\u00e0 di\u1ec5n \u0111\u1ea1t m\u1edbi th\u00f4ng qua nh\u1eefng ng\u1eef c\u1ea3nh m\u1edbi \u0111\u01b0\u1ee3c k\u1ebft h\u1ee3p v\u1edbi c\u00e1c t\u1eeb v\u00e0 di\u1ec5n \u0111\u1ea1t \u0111\u00e3 bi\u1ebft \u1edf c\u00e1c Unit tr\u01b0\u1edbc \u0111\u00f3.<\/p>\n<p>K\u1ebft qu\u1ea3 c\u1ee7a ch\u01b0\u01a1ng tr\u00ecnh ti\u1ebfng Anh tr\u1ebb em Grapeseed<br \/>\nKhi k\u1ebft th\u00fac 40 Unit c\u1ee7a GrapeSEED, h\u1ecdc sinh c\u00f3 kh\u1ea3 n\u0103ng giao ti\u1ebfp, \u0111\u1ecdc v\u00e0 vi\u1ebft ng\u00f4n ng\u1eef ti\u1ebfng Anh nh\u01b0 c\u00e1c em b\u00e9 b\u1ea3n ng\u1eef \u1edf c\u00f9ng \u0111\u1ed9 tu\u1ed5i.<\/p>\n<ol start=\"2\">\n<li><strong>C\u00e2u l\u1ea1c b\u1ed9 k\u1ef9 n\u0103ng s\u1ed1ng:<\/strong><\/li>\n<\/ol>\n<p><strong>T\u1ea6M QUAN TR\u1eccNG C\u1ee6A GI\u00c1O D\u1ee4C K\u1ef8 N\u0102NG S\u1ed0NG CHO TR\u1eba EM<\/strong><\/p>\n<p>Ai c\u0169ng hi\u1ec3u k\u1ef9 n\u0103ng s\u1ed1ng l\u00e0 nh\u1eefng k\u1ef9 n\u0103ng t\u00e2m l\u00fd \u2013 x\u00e3 h\u1ed9i c\u01a1 b\u1ea3n gi\u00fap con ng\u01b0\u1eddi t\u1ed3n t\u1ea1i, ph\u00e1t tri\u1ec3n v\u00e0 th\u00edch nghi trong cu\u1ed9c s\u1ed1ng. N\u00f3i m\u1ed9t c\u00e1ch kh\u00e1c \u0111\u01a1n gi\u1ea3n h\u01a1n, k\u1ef9 n\u0103ng s\u1ed1ng l\u00e0 t\u1ea5t c\u1ea3 \u0111i\u1ec1u c\u1ea7n thi\u1ebft ch\u00fang ta ph\u1ea3i bi\u1ebft \u0111\u1ec3 c\u00f3 th\u1ec3 th\u00edch \u1ee9ng v\u1edbi nh\u1eefng thay \u0111\u1ed5i di\u1ec5n ra h\u1eb1ng ng\u00e0y trong cu\u1ed9c s\u1ed1ng, nh\u1ea5t l\u00e0 trong cu\u1ed9c s\u1ed1ng hi\u1ec7n \u0111\u1ea1i \u0111\u1ea7y bi\u1ebfn \u0111\u1ed9ng.<\/p>\n<p>Gi\u00e1o d\u1ee5c k\u1ef9 n\u0103ng s\u1ed1ng cho tr\u1ebb kh\u00f4ng \u0111\u01a1n gi\u1ea3n l\u00e0 vi\u1ec7c d\u1ea1y, r\u00e8n cho tr\u1ebb nh\u1eefng k\u1ef9 n\u0103ng c\u01a1 b\u1ea3n c\u1ea7n thi\u1ebft nh\u01b0 t\u1ef1 ch\u0103m s\u00f3c b\u1ea3n th\u00e2n; ph\u00f2ng tr\u00e1nh v\u00e0 \u1ee9ng x\u1eed v\u1edbi c\u00e1c nguy hi\u1ec3m th\u01b0\u1eddng g\u1eb7p, bi\u1ebft h\u00f2a \u0111\u1ed3ng,\u2026 Gi\u00e1o d\u1ee5c k\u1ef9 n\u0103ng s\u1ed1ng cho tr\u1ebb c\u1ea7n ph\u1ea3i \u0111\u01b0\u1ee3c nh\u00ecn m\u1ed9t c\u00e1ch to\u00e0n di\u1ec7n h\u01a1n, trong \u0111\u00f3 y\u1ebfu t\u1ed1 quan tr\u1ecdng nh\u1ea5t kh\u00f4ng ch\u1ec9 n\u1eb1m \u1edf c\u00e1ch th\u1ee9c, ph\u01b0\u01a1ng ph\u00e1p, n\u1ed9i dung m\u00e0 c\u00f2n n\u1eb1m \u1edf th\u1eddi k\u1ef3, th\u1eddi \u0111i\u1ec3m th\u00edch h\u1ee3p.<\/p>\n<p>Tr\u1ebb \u0111\u01b0\u1ee3c gi\u00e1o d\u1ee5c k\u1ef9 n\u0103ng s\u1ed1ng \u0111\u00fang c\u00e1ch kh\u00f4ng ch\u1ec9 \u0111\u01b0\u1ee3c trang b\u1ecb nh\u1eefng k\u1ef9 n\u0103ng s\u1ed1ng c\u01a1 b\u1ea3n m\u00e0 c\u00f2n ph\u00e1t tri\u1ec3n \u0111\u01b0\u1ee3c nh\u1eefng k\u1ef9 n\u0103ng c\u1ef1c k\u1ef3 quan tr\u1ecdng gi\u00fap t\u1ea1o ra s\u1ef1 kh\u00e1c bi\u1ec7t, gi\u00fap t\u1ea1o ra th\u00e0nh c\u00f4ng cho tr\u1ebb trong cu\u1ed9c \u0111\u1eddi. X\u00e9t cho c\u00f9ng, m\u1ee5c ti\u00eau c\u1ee7a gi\u00e1o d\u1ee5c tr\u1ebb em l\u00e0 chu\u1ea9n b\u1ecb cho tr\u1ebb c\u00f3 \u0111\u01b0\u1ee3c m\u1ed9t h\u00e0nh trang ki\u1ebfn th\u1ee9c v\u00e0 k\u1ef9 n\u0103ng t\u1ed1t nh\u1ea5t \u0111\u1ec3 tr\u1ebb t\u1ef1 tin b\u01b0\u1edbc v\u00e0o cu\u1ed9c s\u1ed1ng, t\u1ef1 tin \u0111\u01b0a ra nh\u1eefng quy\u1ebft \u0111\u1ecbnh c\u1ee7a m\u00ecnh, t\u1ef1 tin s\u1ed1ng cu\u1ed9c s\u1ed1ng c\u1ee7a m\u00ecnh m\u00e0 kh\u00f4ng ph\u1ea3i l\u1ec7 thu\u1ed9c v\u00e0o ng\u01b0\u1eddi kh\u00e1c. Ngay t\u1eeb khi tr\u1ebb c\u00f2n nh\u1ecf, ng\u01b0\u1eddi l\u1edbn h\u00e3y gi\u00fap x\u00e2y d\u1ef1ng v\u00e0 r\u00e8n cho con nh\u1eefng k\u1ef9 n\u0103ng nh\u01b0: t\u01b0 duy s\u00e1ng t\u1ea1o, giao ti\u1ebfp, ph\u00e2n t\u00edch, t\u1ed5 ch\u1ee9c c\u00f4ng vi\u1ec7c, kh\u1ea3 n\u0103ng th\u00edch nghi v\u1edbi s\u1ef1 thay \u0111\u1ed5i\u2026 Ch\u1ec9 c\u00f3 nh\u01b0 v\u1eady m\u1edbi gi\u00fap tr\u1ebb c\u00f3 \u0111\u01b0\u1ee3c m\u1ed9t t\u01b0\u01a1ng lai t\u01b0\u01a1i s\u00e1ng v\u00e0 t\u1ef1 tin b\u01b0\u1edbc \u0111i tr\u00ean con \u0111\u01b0\u1eddng c\u1ee7a ri\u00eang m\u00ecnh.<em>\u00a0<\/em><\/p>\n<ol start=\"3\">\n<li><strong>C\u00e2u l\u1ea1c b\u1ed9 c\u1edd vua Baby chess<\/strong><\/li>\n<\/ol>\n<p><strong>CH\u01af\u01a0NG TR\u00ccNH BABY CHESS<\/strong><\/p>\n<p>Baby Chess l\u00e0 ch\u01b0\u01a1ng tr\u00ecnh c\u1edd Vua s\u00e1ng t\u1ea1o \u0111\u01b0\u1ee3c thi\u1ebft k\u1ebf d\u00e0nh cho tr\u1ebb 3 \u2013 4 tu\u1ed5i v\u1edbi ph\u01b0\u01a1ng ch\u00e2m gi\u00e1o d\u1ee5c\u00a0\u201cL\u1ea5y tr\u1ebb l\u00e0m trung t\u00e2m\u201d\u00a0v\u00e0 h\u1ecdc t\u1eadp t\u1ef1 nhi\u00ean theo ph\u01b0\u01a1ng ph\u00e1p SKGR &#8211;\u00a0h\u1ecdc t\u1eadp th\u00f4ng qua k\u1ec3 chuy\u1ec7n, v\u1eadn \u0111\u1ed9ng, ch\u01a1i, v\u00e0 nh\u1eadp vai\u00a0&#8211; ph\u01b0\u01a1ng ph\u00e1p gi\u1ea3ng d\u1ea1y \u0111\u1eb7c bi\u1ec7t ph\u00f9 h\u1ee3p v\u1edbi tr\u1ebb m\u1ea7m non, d\u00f9ng m\u00f4n th\u1ec3 thao tr\u00ed tu\u1ec7 C\u1edd Vua gi\u00fap tr\u1ebb ph\u00e1t tri\u1ec3n ng\u00f4n ng\u1eef, k\u1ef9 n\u0103ng nghe hi\u1ec3u v\u00e0 s\u1eed d\u1ee5ng ng\u00f4n t\u1eeb,\u00a0k\u00edch th\u00edch tr\u00ed t\u01b0\u1edfng t\u01b0\u1ee3ng v\u00e0 s\u00e1ng t\u1ea1o \u1edf tr\u1ebb t\u1eeb s\u1edbm, l\u00e0m phong ph\u00fa hi\u1ec3u bi\u1ebft v\u00e0 t\u0103ng h\u1ee9ng th\u00fa h\u1ecdc t\u1eadp, gi\u00fap tr\u1ebb ti\u1ebfp c\u1eadn v\u1edbi c\u00e1c kh\u00e1i ni\u1ec7m\u00a0to\u00e1n h\u1ecdc\u00a0t\u1eeb c\u1ee5 th\u1ec3 \u0111\u1ebfn tr\u1eebu t\u01b0\u1ee3ng, gi\u00fap tr\u1ebb hi\u1ec3u s\u00e2u s\u1eafc v\u00e0 t\u01b0 duy \u0111a chi\u1ec1u, t\u0103ng nh\u1eadn th\u1ee9c v\u1ec1 b\u1ea3n th\u00e2n v\u00e0 th\u1ec3 hi\u1ec7n b\u1ea3n th\u00e2n t\u1ed1t h\u01a1n qua suy ngh\u0129 v\u00e0 c\u1ea3m x\u00fac c\u1ee7a ch\u00fang.<em>\u00a0<\/em><\/p>\n<ol start=\"4\">\n<li><strong>C\u00e2u l\u1ea1c b\u1ed9 v\u00f5 thu\u1eadt<\/strong><\/li>\n<\/ol>\n<p>H\u1ecdc v\u00f5 thu\u1eadt\u00a0 mang l\u1ea1i r\u1ea5t nhi\u1ec1u l\u1ee3i \u00edch nh\u01b0: gi\u00fap tr\u1ebb r\u00e8n luy\u1ec7n s\u1ee9c kh\u1ecfe, c\u01a1 th\u1ec3 d\u1ebbo dai, c\u1ee9ng c\u00e1p, c\u00e2n \u0111\u1ed1i h\u01a1n, gi\u00fap r\u00e8n luy\u1ec7n t\u00ednh k\u1ef7 lu\u1eadt, t\u1ef1 tin h\u01a1n. M\u00f4i tr\u01b0\u1eddng v\u00f5 thu\u1eadt s\u1ebd gi\u00fap c\u00e1c em s\u1ed1ng l\u00e0nh m\u1ea1nh h\u01a1n, nhanh nh\u1eb9n h\u01a1n, bi\u1ebft ph\u00e2n bi\u1ec7t v\u00e0 v\u1eadn d\u1ee5ng kh\u1ea3 n\u0103ng v\u00f5 thu\u1eadt khi th\u1eadt s\u1ef1 c\u1ea7n thi\u1ebft v\u00e0 nh\u1ea5t l\u00e0 bi\u1ebft c\u00e1ch \u201ctho\u00e1t hi\u1ec3m\u201d khi r\u01a1i v\u00e0o t\u00ecnh hu\u1ed1ng b\u1ecb b\u1ea1o h\u00e0nh. ( H\u00ecnh \u1ea3nh minh h\u1ecda)<\/p>\n<p><img loading=\"lazy\" class=\"aligncenter size-full wp-image-187\" src=\"http:\/\/bachduongschool.edu.vn\/wp-content\/uploads\/2018\/01\/2-1.jpg\" alt=\"\" width=\"437\" height=\"293\" srcset=\"https:\/\/c297-bachduong.com-vn.net\/wp-content\/uploads\/2018\/01\/2-1.jpg 437w, https:\/\/c297-bachduong.com-vn.net\/wp-content\/uploads\/2018\/01\/2-1-300x201.jpg 300w\" sizes=\"(max-width: 437px) 100vw, 437px\" \/><\/p>\n<p><strong>\u00a0<\/strong><\/p>\n","protected":false},"excerpt":{"rendered":"<p>D\u1ecaCH V\u1ee4 M\u1ea6M NON \u00a0 \u00a0 I. XE \u0110\u01afA \u0110\u00d3N Nh\u00e0 tr\u01b0\u1eddng cung c\u1ea5p d\u1ecbch v\u1ee5 xe \u0111\u01b0a \u0111\u00f3n c\u00e1c &hellip; <a class=\"link-more\" href=\"https:\/\/c297-bachduong.com-vn.net\/?page_id=185\" class=\"more-link\">\u0110\u1ecdc th\u00eam &raquo;<span class=\"screen-reader-text\"> &#8220;D\u1ecbch v\u1ee5&#8221;<\/span><\/a><\/p>\n","protected":false},"author":1,"featured_media":0,"parent":0,"menu_order":0,"comment_status":"closed","ping_status":"closed","template":"","meta":[],"_links":{"self":[{"href":"https:\/\/c297-bachduong.com-vn.net\/index.php?rest_route=\/wp\/v2\/pages\/185"}],"collection":[{"href":"https:\/\/c297-bachduong.com-vn.net\/index.php?rest_route=\/wp\/v2\/pages"}],"about":[{"href":"https:\/\/c297-bachduong.com-vn.net\/index.php?rest_route=\/wp\/v2\/types\/page"}],"author":[{"embeddable":true,"href":"https:\/\/c297-bachduong.com-vn.net\/index.php?rest_route=\/wp\/v2\/users\/1"}],"replies":[{"embeddable":true,"href":"https:\/\/c297-bachduong.com-vn.net\/index.php?rest_route=%2Fwp%2Fv2%2Fcomments&post=185"}],"version-history":[{"count":2,"href":"https:\/\/c297-bachduong.com-vn.net\/index.php?rest_route=\/wp\/v2\/pages\/185\/revisions"}],"predecessor-version":[{"id":193,"href":"https:\/\/c297-bachduong.com-vn.net\/index.php?rest_route=\/wp\/v2\/pages\/185\/revisions\/193"}],"wp:attachment":[{"href":"https:\/\/c297-bachduong.com-vn.net\/index.php?rest_route=%2Fwp%2Fv2%2Fmedia&parent=185"}],"curies":[{"name":"wp","href":"https:\/\/api.w.org\/{rel}","templated":true}]}}