{"id":121,"date":"2017-11-06T14:23:06","date_gmt":"2017-11-06T07:23:06","guid":{"rendered":"http:\/\/tuan.raothue.com\/theme\/Dec\/?page_id=121"},"modified":"2018-02-03T11:31:28","modified_gmt":"2018-02-03T04:31:28","slug":"gioi-thieu","status":"publish","type":"page","link":"https:\/\/c297-bachduong.com-vn.net\/?page_id=121","title":{"rendered":"Gi\u1edbi thi\u1ec7u"},"content":{"rendered":"<h1 style=\"text-align: center;\"><strong>GI\u1edaI THI\u1ec6U V\u1ec0 C\u00d4NG TY<\/strong><\/h1>\n<p>Tr\u01b0\u1eddng m\u1ea7m non B\u1ea1ch D\u01b0\u01a1ng lu\u00f4n \u0111\u1ec1 cao tri\u1ebft l\u00fd T\u1ef1 do trong gi\u00e1o d\u1ee5c tr\u1ebb em. Tr\u1ebb em \u0111\u01b0\u1ee3c quy\u1ec1n t\u1ef1 do trong suy ngh\u0129, t\u1ef1 do \u0111\u01b0a ra \u00fd ki\u1ebfn. v\u00e0 gi\u00e1o vi\u00ean lu\u00f4n c\u1ed1 g\u1eafng t\u1ea1o nh\u1eefng c\u01a1 h\u1ed9i \u0111\u1ec3 giao quy\u1ec1n quy\u1ebft \u0111\u1ecbnh v\u1ec1 cho c\u00e1c em.<\/p>\n<p>Tuy nhi\u00ean, S\u1ef1 t\u1ef1 do lu\u00f4n \u0111i k\u00e8m v\u1edbi c\u00e1c quy t\u1eafc c\u1ee7a l\u1edbp h\u1ecdc. \u0110i\u1ec1u n\u00e0y c\u0169ng gi\u1ed1ng nh\u01b0 trong x\u00e3 h\u1ed9i th\u1ef1c m\u00e0 ch\u00fang ta \u0111ang s\u1ed1ng, t\u1ef1 do lu\u00f4n \u0111i k\u00e8m v\u1edbi v\u1edbi nh\u1eefng quy t\u1eafc c\u1ee7a c\u1ed9ng \u0111\u1ed3ng<\/p>\n<p>V\u00e0 ch\u00fang t\u00f4i quan ni\u1ec7m: \u201cTr\u1ebb kh\u1ecfe m\u1ea1nh, th\u00e0nh c\u00f4ng khi tr\u1ebb \u0111\u01b0\u1ee3c trang b\u1ecb \u0111\u1ea7y \u0111\u1ee7 k\u0129 n\u0103ng \u0111\u1ec3 th\u00edch nghi v\u1edbi m\u1ecdi m\u00f4i tr\u01b0\u1eddng s\u1ed1ng\u201d.<\/p>\n<p>Ti\u1ebfp thu, ch\u1eaft l\u1ecdc nh\u1eefng tinh hoa c\u1ee7a gi\u00e1o d\u1ee5c trong n\u01b0\u1edbc v\u00e0 qu\u1ed1c t\u1ebf, ch\u00fang t\u00f4i x\u00e1c \u0111\u1ecbnh r\u00f5 quan \u0111i\u1ec3m: <em>Kh\u00f4ng c\u00f3 tr\u1ebb h\u01b0, tr\u1ebb k\u00e9m. Ch\u1ec9 c\u00f3 tr\u1ebb ch\u01b0a \u201cl\u00e0m \u0111\u01b0\u1ee3c\u201d v\u00e0 ch\u00fang ta ch\u01b0a t\u00ecm ra \u0111\u00fang c\u00e1ch \u0111\u1ec3 gi\u00fap ch\u00fang<\/em>.<\/p>\n<p>Ch\u00fang t\u00f4i tin r\u1eb1ng, v\u1edbi kinh nghi\u1ec7m th\u1ef1c t\u1ebf trong qu\u00e1 tr\u00ecnh l\u00e0m vi\u1ec7c <strong>tr\u1ef1c ti\u1ebfp<\/strong> v\u1edbi tr\u1ebb t\u1ea1ic\u00e1c \u00a0tr\u01b0\u1eddng qu\u1ed1c t\u1ebf, \u0111\u1ed9i ng\u0169 qu\u1ea3n l\u00fd v\u00e0 gi\u00e1o vi\u00ean c\u1ed1t c\u00e1n c\u1ee7a ch\u00fang t\u00f4i s\u1ebd c\u1ed1 g\u1eafng n\u1ed7 l\u1ef1c kh\u00f4ng ng\u1eebng \u0111\u1ec3 th\u1ef1c hi\u1ec7n \u0111\u01b0\u1ee3c \u0111i\u1ec1u n\u00e0y.<\/p>\n<p>Tr\u1ebb ph\u00e1t tri\u1ec3n ho\u00e0n thi\u1ec7n n\u00e3o th\u00f4ng qua vi\u1ec7c t\u00ecm hi\u1ec3u th\u1ebf gi\u1edbi b\u1eb1ng c\u00e1c gi\u00e1c quan, giai \u0111o\u1ea1n x\u00e2y d\u1ef1ng n\u0103ng l\u1ef1c c\u1ea3m x\u00fac, k\u0129 n\u0103ng x\u00e3 h\u1ed9i v\u00e0 h\u1ecdc ng\u00f4n ng\u1eef th\u1ee9 hai.<\/p>\n<p>V\u1eady n\u00ean ngo\u00e0i vi\u1ec7c t\u1eadp trung <em>nu\u00f4i d\u01b0\u1ee1ng<\/em> \u0111\u1ec3 tr\u1ebb lu\u00f4n m\u1ea1nh kho\u1ebb, ch\u00fang t\u00f4i \u0111\u1ec1 cao t\u1ea7m quan tr\u1ecdng c\u1ee7a <em>d\u1ea1y<\/em>.<\/p>\n<p>Tr\u00ean th\u1ef1c t\u1ebf, ch\u00fang t\u00f4i kh\u00f4ng d\u00f9ng nhi\u1ec1u t\u1eeb <em>d\u1ea1y<\/em> m\u00e0 ch\u00fa tr\u1ecdng <em>t\u1ea1o m\u00f4i tr\u01b0\u1eddng<\/em> \u0111\u1ec3 tr\u1ebb kh\u00e1m ph\u00e1, tr\u1ea3i nghi\u1ec7m v\u00e0 r\u00fat ra \u201cb\u00e0i h\u1ecdc\u201d V\u1edbi t\u01b0 t\u01b0\u1edfng \u0111\u00f3, ch\u00fang t\u00f4i x\u00e2y d\u1ef1ng ph\u01b0\u01a1ng ph\u00e1p l\u00e0m vi\u1ec7c khoa h\u1ecdc, ph\u00f9 h\u1ee3p t\u00e2m sinh l\u00fd tr\u1ebb. Tr\u1ebb \u0111\u01b0\u1ee3c ti\u1ebfp nh\u1eadn truy\u1ec1n th\u1ed1ng v\u0103n h\u00f3a Vi\u1ec7t trong m\u1ed9t m\u00f4i tr\u01b0\u1eddng gi\u00e1o d\u1ee5c ti\u00ean ti\u1ebfn.<\/p>\n<p>&nbsp;<\/p>\n","protected":false},"excerpt":{"rendered":"<p>GI\u1edaI THI\u1ec6U V\u1ec0 C\u00d4NG TY Tr\u01b0\u1eddng m\u1ea7m non B\u1ea1ch D\u01b0\u01a1ng lu\u00f4n \u0111\u1ec1 cao tri\u1ebft l\u00fd T\u1ef1 do trong gi\u00e1o d\u1ee5c &hellip; <a class=\"link-more\" href=\"https:\/\/c297-bachduong.com-vn.net\/?page_id=121\" class=\"more-link\">\u0110\u1ecdc th\u00eam &raquo;<span class=\"screen-reader-text\"> &#8220;Gi\u1edbi thi\u1ec7u&#8221;<\/span><\/a><\/p>\n","protected":false},"author":1,"featured_media":0,"parent":0,"menu_order":0,"comment_status":"closed","ping_status":"closed","template":"","meta":[],"_links":{"self":[{"href":"https:\/\/c297-bachduong.com-vn.net\/index.php?rest_route=\/wp\/v2\/pages\/121"}],"collection":[{"href":"https:\/\/c297-bachduong.com-vn.net\/index.php?rest_route=\/wp\/v2\/pages"}],"about":[{"href":"https:\/\/c297-bachduong.com-vn.net\/index.php?rest_route=\/wp\/v2\/types\/page"}],"author":[{"embeddable":true,"href":"https:\/\/c297-bachduong.com-vn.net\/index.php?rest_route=\/wp\/v2\/users\/1"}],"replies":[{"embeddable":true,"href":"https:\/\/c297-bachduong.com-vn.net\/index.php?rest_route=%2Fwp%2Fv2%2Fcomments&post=121"}],"version-history":[{"count":2,"href":"https:\/\/c297-bachduong.com-vn.net\/index.php?rest_route=\/wp\/v2\/pages\/121\/revisions"}],"predecessor-version":[{"id":231,"href":"https:\/\/c297-bachduong.com-vn.net\/index.php?rest_route=\/wp\/v2\/pages\/121\/revisions\/231"}],"wp:attachment":[{"href":"https:\/\/c297-bachduong.com-vn.net\/index.php?rest_route=%2Fwp%2Fv2%2Fmedia&parent=121"}],"curies":[{"name":"wp","href":"https:\/\/api.w.org\/{rel}","templated":true}]}}